{"id":1043,"date":"2023-05-15T23:12:38","date_gmt":"2023-05-15T21:12:38","guid":{"rendered":"https:\/\/camaow-agency.com\/?page_id=1043"},"modified":"2023-12-04T12:25:00","modified_gmt":"2023-12-04T11:25:00","slug":"mentions-legales","status":"publish","type":"page","link":"https:\/\/camaow-agency.com\/index.php\/mentions-legales\/","title":{"rendered":"Mentions l\u00e9gales"},"content":{"rendered":"\t\t<div data-elementor-type=\"wp-page\" data-elementor-id=\"1043\" class=\"elementor elementor-1043\">\n\t\t\t\t\t\t<section class=\"elementor-section elementor-top-section elementor-element elementor-element-77cb471 elementor-section-boxed elementor-section-height-default elementor-section-height-default\" data-id=\"77cb471\" data-element_type=\"section\">\n\t\t\t\t\t\t<div class=\"elementor-container elementor-column-gap-default\">\n\t\t\t\t\t<div class=\"elementor-column elementor-col-100 elementor-top-column elementor-element elementor-element-b4ebef9\" data-id=\"b4ebef9\" data-element_type=\"column\">\n\t\t\t<div class=\"elementor-widget-wrap elementor-element-populated\">\n\t\t\t\t\t\t<section class=\"elementor-section elementor-inner-section elementor-element elementor-element-e444102 elementor-section-boxed elementor-section-height-default elementor-section-height-default\" data-id=\"e444102\" data-element_type=\"section\">\n\t\t\t\t\t\t<div class=\"elementor-container elementor-column-gap-default\">\n\t\t\t\t\t<div class=\"elementor-column elementor-col-50 elementor-inner-column elementor-element elementor-element-7c095bb\" data-id=\"7c095bb\" data-element_type=\"column\">\n\t\t\t<div class=\"elementor-widget-wrap\">\n\t\t\t\t\t\t\t<\/div>\n\t\t<\/div>\n\t\t\t\t<div class=\"elementor-column elementor-col-50 elementor-inner-column elementor-element elementor-element-c8d2cac\" data-id=\"c8d2cac\" data-element_type=\"column\">\n\t\t\t<div class=\"elementor-widget-wrap elementor-element-populated\">\n\t\t\t\t\t\t<div class=\"elementor-element elementor-element-ecee144 elementor-widget__width-initial elementor-widget elementor-widget-heading\" data-id=\"ecee144\" data-element_type=\"widget\" data-widget_type=\"heading.default\">\n\t\t\t\t<div class=\"elementor-widget-container\">\n\t\t\t\t\t<h1 class=\"elementor-heading-title elementor-size-default\">Mentions l\u00e9gales<\/h1>\t\t\t\t<\/div>\n\t\t\t\t<\/div>\n\t\t\t\t\t<\/div>\n\t\t<\/div>\n\t\t\t\t\t<\/div>\n\t\t<\/section>\n\t\t\t\t\t<\/div>\n\t\t<\/div>\n\t\t\t\t\t<\/div>\n\t\t<\/section>\n\t\t\t\t<section class=\"elementor-section elementor-top-section elementor-element elementor-element-62ad4aa elementor-section-boxed elementor-section-height-default elementor-section-height-default\" data-id=\"62ad4aa\" data-element_type=\"section\">\n\t\t\t\t\t\t<div class=\"elementor-container elementor-column-gap-default\">\n\t\t\t\t\t<div class=\"elementor-column elementor-col-100 elementor-top-column elementor-element elementor-element-4819282\" data-id=\"4819282\" data-element_type=\"column\">\n\t\t\t<div class=\"elementor-widget-wrap elementor-element-populated\">\n\t\t\t\t\t\t<div class=\"elementor-element elementor-element-61623d0 elementor-widget elementor-widget-text-editor\" data-id=\"61623d0\" data-element_type=\"widget\" data-widget_type=\"text-editor.default\">\n\t\t\t\t<div class=\"elementor-widget-container\">\n\t\t\t\t\t\t\t\t\t<ol><li><strong>Informations g\u00e9n\u00e9rales :<\/strong><\/li><\/ol><p>Entreprise : Camaow Agency<br \/>Adresse postale : 202 r\u00e9sidence Tamaya 97139 Les Abymes<br \/>T\u00e9l\u00e9phone : +590 690 27 72 17<br \/>Adresse e-mail : <a href=\"mailto:camaow.agency@gmail.com\" target=\"_new\">camaow.agency@gmail.com<\/a><br \/>Num\u00e9ro d&rsquo;identification fiscale : 948 750 997<br \/>Directeur de la publication : RICHARDSON &#8211; PITAT Marie &#8211; Christine<br \/>H\u00e9bergeur : HOSTINGER INTERNATIONAL LTD, 61 Lordou Vironos Street, 6023 Larnaca, Chypre.<\/p><ol start=\"2\"><li><strong>Propri\u00e9t\u00e9 intellectuelle :<\/strong><\/li><\/ol><p>Tous les \u00e9l\u00e9ments du site (textes, images, vid\u00e9os, logos, etc.) sont la propri\u00e9t\u00e9 de Camaow Agency, sauf mention contraire. Toute reproduction, modification, distribution ou utilisation des \u00e9l\u00e9ments du site sans autorisation pr\u00e9alable est interdite et constitue une violation de la propri\u00e9t\u00e9 intellectuelle. Les \u00e9l\u00e9ments autoris\u00e9s \u00e0 \u00eatre utilis\u00e9s ou reproduits par des tiers doivent \u00eatre express\u00e9ment mentionn\u00e9s sur le site.<\/p><ol start=\"3\"><li><strong>Protection des donn\u00e9es personnelles :<\/strong><\/li><\/ol><p>Camaow Agency s&rsquo;engage \u00e0 prot\u00e9ger la confidentialit\u00e9 des donn\u00e9es personnelles de ses clients et visiteurs du site. Les donn\u00e9es personnelles collect\u00e9es sur le site sont utilis\u00e9es uniquement pour r\u00e9pondre aux demandes des clients ou pour l&rsquo;envoi de newsletters (si l&rsquo;utilisateur s&rsquo;y est inscrit). Les donn\u00e9es personnelles ne sont jamais transmises \u00e0 des tiers sans autorisation pr\u00e9alable. Les types de donn\u00e9es personnelles collect\u00e9es sur le site sont les noms, les adresses e-mail, les adresses postales, les num\u00e9ros de t\u00e9l\u00e9phone et les donn\u00e9es de navigation. Les finalit\u00e9s pour lesquelles les donn\u00e9es personnelles sont collect\u00e9es sont la gestion des demandes des clients et l&rsquo;envoi de newsletters. Les destinataires auxquels les donn\u00e9es personnelles peuvent \u00eatre communiqu\u00e9es sont les employ\u00e9s de Camaow Agency charg\u00e9s de la gestion des demandes et de l&rsquo;envoi de newsletters. La dur\u00e9e de conservation des donn\u00e9es personnelles est de trois ans \u00e0 compter de la derni\u00e8re interaction avec le client ou le visiteur. Les mesures de s\u00e9curit\u00e9 mises en place pour prot\u00e9ger les donn\u00e9es personnelles sont la s\u00e9curisation du site par un certificat SSL, l&rsquo;utilisation de mots de passe s\u00e9curis\u00e9s et la mise en place de proc\u00e9dures de sauvegarde r\u00e9guli\u00e8res.<\/p><ol start=\"4\"><li><strong>Responsabilit\u00e9 :<\/strong><\/li><\/ol><p>Camaow Agency ne peut \u00eatre tenue responsable des erreurs ou omissions sur le site. Camaow Agency ne peut \u00eatre tenue responsable des dommages directs ou indirects caus\u00e9s par l&rsquo;utilisation du site. Camaow Agency ne peut \u00eatre tenue responsable du contenu des sites vers lesquels des liens hypertextes sont \u00e9tablis.<\/p><ol start=\"5\"><li><strong>Droit applicable :<\/strong><\/li><\/ol><p>Tout litige relatif \u00e0 l&rsquo;utilisation du site est soumis au droit fran\u00e7ais.<\/p>\t\t\t\t\t\t\t\t<\/div>\n\t\t\t\t<\/div>\n\t\t\t\t\t<\/div>\n\t\t<\/div>\n\t\t\t\t\t<\/div>\n\t\t<\/section>\n\t\t\t\t<\/div>\n\t\t","protected":false},"excerpt":{"rendered":"<p>Mentions l\u00e9gales Informations g\u00e9n\u00e9rales : Entreprise : Camaow AgencyAdresse postale : 202 r\u00e9sidence Tamaya 97139 Les AbymesT\u00e9l\u00e9phone : +590 690 27 72 17Adresse e-mail : camaow.agency@gmail.comNum\u00e9ro d&rsquo;identification fiscale : 948 750 997Directeur de la publication : RICHARDSON &#8211; PITAT Marie &#8211; ChristineH\u00e9bergeur : HOSTINGER INTERNATIONAL LTD, 61 Lordou Vironos Street, 6023 Larnaca, Chypre. Propri\u00e9t\u00e9 intellectuelle [&hellip;]<\/p>\n","protected":false},"author":1,"featured_media":0,"parent":0,"menu_order":0,"comment_status":"closed","ping_status":"closed","template":"","meta":{"_uag_custom_page_level_css":"","_monsterinsights_skip_tracking":false,"_monsterinsights_sitenote_active":false,"_monsterinsights_sitenote_note":"","_monsterinsights_sitenote_category":0,"_uf_show_specific_survey":0,"_uf_disable_surveys":false,"site-sidebar-layout":"no-sidebar","site-content-layout":"page-builder","ast-site-content-layout":"full-width-container","site-content-style":"unboxed","site-sidebar-style":"unboxed","ast-global-header-display":"","ast-banner-title-visibility":"","ast-main-header-display":"","ast-hfb-above-header-display":"","ast-hfb-below-header-display":"","ast-hfb-mobile-header-display":"","site-post-title":"disabled","ast-breadcrumbs-content":"","ast-featured-img":"disabled","footer-sml-layout":"","ast-disable-related-posts":"","theme-transparent-header-meta":"","adv-header-id-meta":"","stick-header-meta":"","header-above-stick-meta":"","header-main-stick-meta":"","header-below-stick-meta":"","astra-migrate-meta-layouts":"set","ast-page-background-enabled":"default","ast-page-background-meta":{"desktop":{"background-color":"","background-image":"","background-repeat":"repeat","background-position":"center center","background-size":"auto","background-attachment":"scroll","background-type":"","background-media":"","overlay-type":"","overlay-color":"","overlay-opacity":"","overlay-gradient":""},"tablet":{"background-color":"","background-image":"","background-repeat":"repeat","background-position":"center center","background-size":"auto","background-attachment":"scroll","background-type":"","background-media":"","overlay-type":"","overlay-color":"","overlay-opacity":"","overlay-gradient":""},"mobile":{"background-color":"","background-image":"","background-repeat":"repeat","background-position":"center center","background-size":"auto","background-attachment":"scroll","background-type":"","background-media":"","overlay-type":"","overlay-color":"","overlay-opacity":"","overlay-gradient":""}},"ast-content-background-meta":{"desktop":{"background-color":"var(--ast-global-color-5)","background-image":"","background-repeat":"repeat","background-position":"center center","background-size":"auto","background-attachment":"scroll","background-type":"","background-media":"","overlay-type":"","overlay-color":"","overlay-opacity":"","overlay-gradient":""},"tablet":{"background-color":"var(--ast-global-color-5)","background-image":"","background-repeat":"repeat","background-position":"center center","background-size":"auto","background-attachment":"scroll","background-type":"","background-media":"","overlay-type":"","overlay-color":"","overlay-opacity":"","overlay-gradient":""},"mobile":{"background-color":"var(--ast-global-color-5)","background-image":"","background-repeat":"repeat","background-position":"center center","background-size":"auto","background-attachment":"scroll","background-type":"","background-media":"","overlay-type":"","overlay-color":"","overlay-opacity":"","overlay-gradient":""}},"footnotes":""},"class_list":["post-1043","page","type-page","status-publish","hentry"],"aioseo_notices":[],"uagb_featured_image_src":{"full":false,"thumbnail":false,"medium":false,"medium_large":false,"large":false,"1536x1536":false,"2048x2048":false},"uagb_author_info":{"display_name":"owen.richardson@free.fr","author_link":"https:\/\/camaow-agency.com\/index.php\/author\/owen-richardsonfree-fr\/"},"uagb_comment_info":0,"uagb_excerpt":"Mentions l\u00e9gales Informations g\u00e9n\u00e9rales : Entreprise : Camaow AgencyAdresse postale : 202 r\u00e9sidence Tamaya 97139 Les AbymesT\u00e9l\u00e9phone : +590 690 27 72 17Adresse e-mail : camaow.agency@gmail.comNum\u00e9ro d&rsquo;identification fiscale : 948 750 997Directeur de la publication : RICHARDSON &#8211; PITAT Marie &#8211; ChristineH\u00e9bergeur : HOSTINGER INTERNATIONAL LTD, 61 Lordou Vironos Street, 6023 Larnaca, Chypre. Propri\u00e9t\u00e9 intellectuelle\u2026","_links":{"self":[{"href":"https:\/\/camaow-agency.com\/index.php\/wp-json\/wp\/v2\/pages\/1043","targetHints":{"allow":["GET"]}}],"collection":[{"href":"https:\/\/camaow-agency.com\/index.php\/wp-json\/wp\/v2\/pages"}],"about":[{"href":"https:\/\/camaow-agency.com\/index.php\/wp-json\/wp\/v2\/types\/page"}],"author":[{"embeddable":true,"href":"https:\/\/camaow-agency.com\/index.php\/wp-json\/wp\/v2\/users\/1"}],"replies":[{"embeddable":true,"href":"https:\/\/camaow-agency.com\/index.php\/wp-json\/wp\/v2\/comments?post=1043"}],"version-history":[{"count":15,"href":"https:\/\/camaow-agency.com\/index.php\/wp-json\/wp\/v2\/pages\/1043\/revisions"}],"predecessor-version":[{"id":2141,"href":"https:\/\/camaow-agency.com\/index.php\/wp-json\/wp\/v2\/pages\/1043\/revisions\/2141"}],"wp:attachment":[{"href":"https:\/\/camaow-agency.com\/index.php\/wp-json\/wp\/v2\/media?parent=1043"}],"curies":[{"name":"wp","href":"https:\/\/api.w.org\/{rel}","templated":true}]}}